{"id":39,"date":"2013-04-19T15:42:34","date_gmt":"2013-04-19T15:42:34","guid":{"rendered":"http:\/\/www.schuh-sport-schneck.de\/?page_id=39"},"modified":"2023-03-24T18:33:27","modified_gmt":"2023-03-24T18:33:27","slug":"impressum","status":"publish","type":"page","link":"https:\/\/www.schuh-sport-schneck.de\/schuh-sport-schneck-schuhe-sport-und-mode-seit-ueber-60-jahren\/impressum\/","title":{"rendered":"Impressum"},"content":{"rendered":"<p>Robert Schneck<br \/>\nAm Eichholz 1<br \/>\n36137 Gro\u00dfenl\u00fcder<br \/>\nDeutschland<br \/>\nTelefon:\u00a006648 &#8211; 7160<br \/>\nTelefax: 06648-8529<br \/>\nEmail: info@schuh-sport-schneck.de<br \/>\nUSt-ID-Nr.: DE213686320<\/p>\n<p>&nbsp;<\/p>\n<p>Umsatzsteuer-Identifikationsnummer:<br \/>\ngem\u00e4\u00df \u00a7 27 a Umsatzsteuergesetz: DE213686320<\/p>\n<p>Inhaltlich Verantwortlicher gem\u00e4\u00df \u00a7 55 Abs. 2 RStV:<br \/>\nRobert Schneck<br \/>\nAm Eichholz 1<br \/>\n36137 Gro\u00dfenl\u00fcder<br \/>\nDeutschland<\/p>\n<p>Haftungshinweis:<br \/>\nTrotz sorgf\u00e4ltiger inhaltlicher Kontrolle \u00fcbernehmen wir keine Haftung f\u00fcr die Inhalte externer Links. F\u00fcr den Inhalt der verlinkten Seiten sind ausschlie\u00dflich deren Betreiber verantwortlich.<\/p>\n<p>Urheberrecht:<br \/>\nDie durch die Betreiber erstellten Werke, Inhalte und Bilder auf diesen Internetseite unterliegen dem deutschen Urheberrecht. Die Vervielf\u00e4ltigung, Verbreitung, Bearbeitung und jede Art der Verwertung au\u00dferhalb der rechtlichen Grenzen des Urheberrechtes bed\u00fcrfen der schriftlichen Zustimmung des jeweiligen Autors bzw. Erstellers. Downloads und Kopien oder sonstige Verwertungen dieser Seite sind nur f\u00fcr den privaten, nicht kommerziellen Gebrauch gestattet. Soweit die Inhalte auf dieser Internetsseite nicht vom Betreiber erstellt wurden, werden die Urheberrechte Dritter beachtet. Insbesondere werden Inhalte Dritter als solche explizite gekennzeichnet. Sollten Sie trotzdem auf eine Urheberrechtsverletzung aufmerksam werden oder bemerken, bitten wir um einen entsprechenden Hinweis. Bei Bekanntwerden oder Hinweisen von Rechtsverletzungen werden wir derartige Inhalte umgehend entfernen.<\/p>\n","protected":false},"excerpt":{"rendered":"<p>Robert Schneck Am Eichholz 1 36137 Gro\u00dfenl\u00fcder Deutschland Telefon:\u00a006648 &#8211; 7160 Telefax: 06648-8529 Email: info@schuh-sport-schneck.de USt-ID-Nr.: DE213686320 &nbsp; Umsatzsteuer-Identifikationsnummer: gem\u00e4\u00df \u00a7 27 a Umsatzsteuergesetz: DE213686320 Inhaltlich Verantwortlicher gem\u00e4\u00df \u00a7 55 Abs. 2 RStV: Robert Schneck Am Eichholz 1 36137 Gro\u00dfenl\u00fcder Deutschland Haftungshinweis: Trotz sorgf\u00e4ltiger inhaltlicher Kontrolle \u00fcbernehmen wir keine Haftung f\u00fcr die Inhalte externer Links.&hellip; <br \/> <a class=\"button small blue\" href=\"https:\/\/www.schuh-sport-schneck.de\/schuh-sport-schneck-schuhe-sport-und-mode-seit-ueber-60-jahren\/impressum\/\">Weiterlesen<\/a><\/p>\n","protected":false},"author":1,"featured_media":0,"parent":0,"menu_order":0,"comment_status":"closed","ping_status":"closed","template":"","meta":[],"_links":{"self":[{"href":"https:\/\/www.schuh-sport-schneck.de\/schuh-sport-schneck-schuhe-sport-und-mode-seit-ueber-60-jahren\/wp-json\/wp\/v2\/pages\/39"}],"collection":[{"href":"https:\/\/www.schuh-sport-schneck.de\/schuh-sport-schneck-schuhe-sport-und-mode-seit-ueber-60-jahren\/wp-json\/wp\/v2\/pages"}],"about":[{"href":"https:\/\/www.schuh-sport-schneck.de\/schuh-sport-schneck-schuhe-sport-und-mode-seit-ueber-60-jahren\/wp-json\/wp\/v2\/types\/page"}],"author":[{"embeddable":true,"href":"https:\/\/www.schuh-sport-schneck.de\/schuh-sport-schneck-schuhe-sport-und-mode-seit-ueber-60-jahren\/wp-json\/wp\/v2\/users\/1"}],"replies":[{"embeddable":true,"href":"https:\/\/www.schuh-sport-schneck.de\/schuh-sport-schneck-schuhe-sport-und-mode-seit-ueber-60-jahren\/wp-json\/wp\/v2\/comments?post=39"}],"version-history":[{"count":4,"href":"https:\/\/www.schuh-sport-schneck.de\/schuh-sport-schneck-schuhe-sport-und-mode-seit-ueber-60-jahren\/wp-json\/wp\/v2\/pages\/39\/revisions"}],"predecessor-version":[{"id":199,"href":"https:\/\/www.schuh-sport-schneck.de\/schuh-sport-schneck-schuhe-sport-und-mode-seit-ueber-60-jahren\/wp-json\/wp\/v2\/pages\/39\/revisions\/199"}],"wp:attachment":[{"href":"https:\/\/www.schuh-sport-schneck.de\/schuh-sport-schneck-schuhe-sport-und-mode-seit-ueber-60-jahren\/wp-json\/wp\/v2\/media?parent=39"}],"curies":[{"name":"wp","href":"https:\/\/api.w.org\/{rel}","templated":true}]}}